{"id":504,"date":"2025-12-23T17:49:10","date_gmt":"2025-12-23T17:49:10","guid":{"rendered":"https:\/\/tonyvitro.com.mx\/?page_id=504"},"modified":"2026-02-23T22:20:26","modified_gmt":"2026-02-23T22:20:26","slug":"rock","status":"publish","type":"page","link":"https:\/\/tonyvitro.com.mx\/?page_id=504","title":{"rendered":"Rock Inmortal"},"content":{"rendered":"<div data-colibri-id=\"504-c1\" class=\"style-421 style-local-504-c1 position-relative\">\n  <!---->\n  <div data-colibri-component=\"section\" data-colibri-id=\"504-c2\" id=\"custom\" class=\"h-section h-section-global-spacing d-flex align-items-lg-center align-items-md-center align-items-center style-452 style-local-504-c2 position-relative\">\n    <!---->\n    <!---->\n    <div class=\"h-section-grid-container h-section-boxed-container\">\n      <!---->\n      <div data-colibri-id=\"504-c3\" class=\"h-row-container gutters-row-lg-2 gutters-row-md-2 gutters-row-0 gutters-row-v-lg-2 gutters-row-v-md-2 gutters-row-v-2 style-455 style-local-504-c3 position-relative\">\n        <!---->\n        <div class=\"h-row justify-content-lg-center justify-content-md-center justify-content-center align-items-lg-stretch align-items-md-stretch align-items-stretch gutters-col-lg-2 gutters-col-md-2 gutters-col-0 gutters-col-v-lg-2 gutters-col-v-md-2 gutters-col-v-2\">\n          <!---->\n          <div class=\"h-column h-column-container d-flex h-col-lg-auto h-col-md-auto h-col-auto style-456-outer style-local-504-c4-outer\">\n            <div data-colibri-id=\"504-c4\" class=\"d-flex h-flex-basis h-column__inner h-ui-empty-state-container h-px-lg-2 h-px-md-2 h-px-2 v-inner-lg-2 v-inner-md-2 v-inner-2 style-456 style-local-504-c4 position-relative\">\n              <!---->\n              <!---->\n              <div class=\"w-100 h-y-container h-column__content h-column__v-align flex-basis-100\">\n                <!---->\n              <\/div>\n            <\/div>\n          <\/div>\n        <\/div>\n      <\/div>\n      <div data-colibri-id=\"504-c8\" class=\"h-row-container gutters-row-lg-2 gutters-row-md-2 gutters-row-0 gutters-row-v-lg-2 gutters-row-v-md-2 gutters-row-v-2 style-453 style-local-504-c8 position-relative\">\n        <!---->\n        <div class=\"h-row justify-content-lg-center justify-content-md-center justify-content-center align-items-lg-stretch align-items-md-stretch align-items-stretch gutters-col-lg-2 gutters-col-md-2 gutters-col-0 gutters-col-v-lg-2 gutters-col-v-md-2 gutters-col-v-2\">\n          <!---->\n          <div class=\"h-column h-column-container d-flex h-col-lg-auto h-col-md-auto h-col-auto style-454-outer style-local-504-c9-outer\">\n            <div data-colibri-id=\"504-c9\" class=\"d-flex h-flex-basis h-column__inner h-ui-empty-state-container h-px-lg-2 h-px-md-2 h-px-2 v-inner-lg-2 v-inner-md-2 v-inner-2 style-454 style-local-504-c9 position-relative\">\n              <!---->\n              <!---->\n              <div class=\"w-100 h-y-container h-column__content h-column__v-align flex-basis-100\">\n                <!---->\n              <\/div>\n            <\/div>\n          <\/div>\n        <\/div>\n      <\/div>\n    <\/div>\n  <\/div>\n  <div data-colibri-component=\"section\" data-colibri-id=\"504-c10\" id=\"custom-2\" class=\"h-section h-section-global-spacing d-flex align-items-lg-center align-items-md-center align-items-center style-516 style-local-504-c10 position-relative\">\n    <!---->\n    <!---->\n    <div class=\"h-section-grid-container h-section-boxed-container\">\n      <!---->\n      <div data-colibri-id=\"504-c13\" class=\"h-row-container gutters-row-lg-2 gutters-row-md-2 gutters-row-0 gutters-row-v-lg-2 gutters-row-v-md-2 gutters-row-v-2 style-519 style-local-504-c13 position-relative\">\n        <!---->\n        <div class=\"h-row justify-content-lg-center justify-content-md-center justify-content-center align-items-lg-stretch align-items-md-stretch align-items-stretch gutters-col-lg-2 gutters-col-md-2 gutters-col-0 gutters-col-v-lg-2 gutters-col-v-md-2 gutters-col-v-2\">\n          <!---->\n          <div class=\"h-column h-column-container d-flex h-col-lg-auto h-col-md-auto h-col-auto style-520-outer style-local-504-c14-outer\">\n            <div data-colibri-id=\"504-c14\" class=\"d-flex h-flex-basis h-column__inner h-px-lg-2 h-px-md-2 h-px-2 v-inner-lg-2 v-inner-md-2 v-inner-2 style-520 style-local-504-c14 position-relative\">\n              <!---->\n              <!---->\n              <div class=\"w-100 h-y-container h-column__content h-column__v-align flex-basis-100 align-self-lg-start align-self-md-start align-self-start\">\n                <!---->\n                <div data-colibri-id=\"504-c15\" class=\"d-block style-432 style-local-504-c15 position-relative h-element\">\n                  <!---->\n                  <div class=\"h-image__frame-container-outer\">\n                    <div class=\"h-image__frame-container\">\n                      <!---->\n                      <!---->\n                      <img decoding=\"async\" src=\"https:\/\/tonyvitro.com.mx\/wp-content\/uploads\/2025\/11\/ROCK-INMORTAL-TV-768x175.png\" class=\"style-432-image style-local-504-c15-image\">\n                      <div class=\"h-image__frame h-hide-lg h-hide-md h-hide-sm style-432-frameImage style-local-504-c15-frameImage\"><\/div>\n                    <\/div>\n                  <\/div>\n                <\/div>\n                <div data-colibri-id=\"504-c6\" class=\"h-lead h-text h-text-component style-434 style-local-504-c6 position-relative h-element\">\n                  <!---->\n                  <!---->\n                  <div class=\"\">\n                    <p><span style=\"color: rgb(255, 255, 255); font-weight: 400; font-size: 1em;\">90&nbsp;minutos&nbsp;de&nbsp;concierto&nbsp;,&nbsp;homenaje&nbsp;a&nbsp;la&nbsp;m\u00fasica&nbsp;que&nbsp;no<br>muere, canciones&nbsp;legendarias&nbsp;que&nbsp;trascendieron&nbsp;su&nbsp;\u00e9poca<br>con&nbsp;una&nbsp;energ\u00eda&nbsp;capaz&nbsp;de&nbsp;seguir&nbsp;cautivando&nbsp;a&nbsp;multitudes.<\/span>\n                      <br>\n                    <\/p>\n                    <p><span style=\"color: rgb(255, 255, 255); font-weight: 400; font-size: 1em;\">Nota:&nbsp;Este&nbsp;espect\u00e1culo&nbsp;contiene&nbsp;gui\u00f1os&nbsp;a&nbsp;la&nbsp;cultura&nbsp;pop<\/span><\/p>\n                    <p>\n                      <br>\n                    <\/p>\n                  <\/div>\n                <\/div>\n                <div data-colibri-id=\"504-c7\" class=\"d-block style-440 style-local-504-c7 position-relative h-element\">\n                  <!---->\n                  <div class=\"h-image__frame-container-outer\">\n                    <a href=\" https:\/\/tonyvitro.com.mx\/?page_id=434\" h-use-smooth-scroll=\"true\" class=\"image-link\">\n                      <div class=\"h-image__frame-container\">\n                        <!---->\n                        <!---->\n                        <img decoding=\"async\" src=\"https:\/\/tonyvitro.com.mx\/wp-content\/uploads\/2025\/12\/Sin-titulo-800-x-200-px-300x75.png\" class=\"style-440-image style-local-504-c7-image\">\n                        <div class=\"h-image__frame h-hide-lg h-hide-md h-hide-sm style-440-frameImage style-local-504-c7-frameImage\"><\/div>\n                      <\/div>\n                    <\/a>\n                  <\/div>\n                <\/div>\n              <\/div>\n            <\/div>\n          <\/div>\n        <\/div>\n      <\/div>\n      <div data-colibri-id=\"504-c11\" class=\"h-row-container gutters-row-lg-2 gutters-row-md-2 gutters-row-0 gutters-row-v-lg-2 gutters-row-v-md-2 gutters-row-v-2 style-517 style-local-504-c11 position-relative\">\n        <!---->\n        <div class=\"h-row justify-content-lg-center justify-content-md-center justify-content-center align-items-lg-stretch align-items-md-stretch align-items-stretch gutters-col-lg-2 gutters-col-md-2 gutters-col-0 gutters-col-v-lg-2 gutters-col-v-md-2 gutters-col-v-2\">\n          <!---->\n          <div class=\"h-column h-column-container d-flex h-col-lg-auto h-col-md-auto h-col-auto style-518-outer style-local-504-c12-outer\">\n            <div data-colibri-id=\"504-c12\" class=\"d-flex h-flex-basis h-column__inner h-ui-empty-state-container h-px-lg-2 h-px-md-2 h-px-2 v-inner-lg-2 v-inner-md-2 v-inner-2 style-518 style-local-504-c12 position-relative\">\n              <!---->\n              <!---->\n              <div class=\"w-100 h-y-container h-column__content h-column__v-align flex-basis-100\">\n                <!---->\n              <\/div>\n            <\/div>\n          <\/div>\n        <\/div>\n      <\/div>\n    <\/div>\n  <\/div>\n<\/div>","protected":false},"excerpt":{"rendered":"<p>90&nbsp;minutos&nbsp;de&nbsp;concierto&nbsp;,&nbsp;homenaje&nbsp;a&nbsp;la&nbsp;m\u00fasica&nbsp;que&nbsp;nomuere, canciones&nbsp;legendarias&nbsp;que&nbsp;trascendieron&nbsp;su&nbsp;\u00e9pocacon&nbsp;una&nbsp;energ\u00eda&nbsp;capaz&nbsp;de&nbsp;seguir&nbsp;cautivando&nbsp;a&nbsp;multitudes. Nota:&nbsp;Este&nbsp;espect\u00e1culo&nbsp;contiene&nbsp;gui\u00f1os&nbsp;a&nbsp;la&nbsp;cultura&nbsp;pop [&hellip;]<\/p>\n","protected":false},"author":1,"featured_media":505,"parent":0,"menu_order":0,"comment_status":"closed","ping_status":"closed","template":"page-templates\/full-width-page.php","meta":{"footnotes":""},"class_list":["post-504","page","type-page","status-publish","has-post-thumbnail","hentry"],"_links":{"self":[{"href":"https:\/\/tonyvitro.com.mx\/index.php?rest_route=\/wp\/v2\/pages\/504","targetHints":{"allow":["GET"]}}],"collection":[{"href":"https:\/\/tonyvitro.com.mx\/index.php?rest_route=\/wp\/v2\/pages"}],"about":[{"href":"https:\/\/tonyvitro.com.mx\/index.php?rest_route=\/wp\/v2\/types\/page"}],"author":[{"embeddable":true,"href":"https:\/\/tonyvitro.com.mx\/index.php?rest_route=\/wp\/v2\/users\/1"}],"replies":[{"embeddable":true,"href":"https:\/\/tonyvitro.com.mx\/index.php?rest_route=%2Fwp%2Fv2%2Fcomments&post=504"}],"version-history":[{"count":20,"href":"https:\/\/tonyvitro.com.mx\/index.php?rest_route=\/wp\/v2\/pages\/504\/revisions"}],"predecessor-version":[{"id":1173,"href":"https:\/\/tonyvitro.com.mx\/index.php?rest_route=\/wp\/v2\/pages\/504\/revisions\/1173"}],"wp:featuredmedia":[{"embeddable":true,"href":"https:\/\/tonyvitro.com.mx\/index.php?rest_route=\/wp\/v2\/media\/505"}],"wp:attachment":[{"href":"https:\/\/tonyvitro.com.mx\/index.php?rest_route=%2Fwp%2Fv2%2Fmedia&parent=504"}],"curies":[{"name":"wp","href":"https:\/\/api.w.org\/{rel}","templated":true}]}}